{"id":3551,"date":"2024-09-18T05:30:15","date_gmt":"2024-09-18T09:30:15","guid":{"rendered":"https:\/\/coopagrobioquebec.com\/detail\/"},"modified":"2025-03-11T13:48:38","modified_gmt":"2025-03-11T17:48:38","slug":"retail-department","status":"publish","type":"page","link":"https:\/\/coopagrobioquebec.com\/en\/retail-department\/","title":{"rendered":"Retail"},"content":{"rendered":"\t\t<div data-elementor-type=\"wp-page\" data-elementor-id=\"3551\" class=\"elementor elementor-3551 elementor-2239\" data-elementor-post-type=\"page\">\n\t\t\t\t<div class=\"elementor-element elementor-element-6fa1f35 e-flex e-con-boxed e-con e-parent\" data-id=\"6fa1f35\" data-element_type=\"container\" data-e-type=\"container\" data-settings=\"{&quot;background_background&quot;:&quot;classic&quot;}\">\n\t\t\t\t\t<div class=\"e-con-inner\">\n\t\t\t\t<div class=\"elementor-element elementor-element-4bd37da elementor-absolute elementor-hidden-mobile elementor-view-default elementor-invisible elementor-widget elementor-widget-icon\" data-id=\"4bd37da\" data-element_type=\"widget\" data-e-type=\"widget\" data-settings=\"{&quot;_position&quot;:&quot;absolute&quot;,&quot;_animation&quot;:&quot;fadeInUp&quot;}\" data-widget_type=\"icon.default\">\n\t\t\t\t\t\t\t<div class=\"elementor-icon-wrapper\">\n\t\t\t<div class=\"elementor-icon\">\n\t\t\t<svg xmlns=\"http:\/\/www.w3.org\/2000\/svg\" id=\"Layer_1\" viewBox=\"0 0 377.8 380.8\"><defs><style>      .st0 {        fill: #00b2a9;      }      .st0, .st1 {        stroke: #00b2a9;        stroke-miterlimit: 4;        stroke-width: 2px;      }      .st1 {        fill: none;      }    <\/style><\/defs><g id=\"Groupe_338\"><path id=\"Trac&#xE9;_47\" class=\"st0\" d=\"M46.6,123.1c-2.6,0,201.4,14.6,188.3,216.8C39.2,319.5,46.6,123.1,46.6,123.1Z\"><\/path><path id=\"Trac&#xE9;_48\" class=\"st1\" d=\"M339.4,21.3c1.5,0-111.6,8.1-104.3,120.1,108.4-11.3,104.3-120.1,104.3-120.1Z\"><\/path><\/g><\/svg>\t\t\t<\/div>\n\t\t<\/div>\n\t\t\t\t\t\t<\/div>\n\t\t\t\t\t<\/div>\n\t\t\t\t<\/div>\n\t\t<div class=\"elementor-element elementor-element-8369dfb e-flex e-con-boxed e-con e-parent\" data-id=\"8369dfb\" data-element_type=\"container\" data-e-type=\"container\">\n\t\t\t\t\t<div class=\"e-con-inner\">\n\t\t\t\t<div class=\"elementor-element elementor-element-7afcd5f elementor-widget elementor-widget-text-editor\" data-id=\"7afcd5f\" data-element_type=\"widget\" data-e-type=\"widget\" data-widget_type=\"text-editor.default\">\n\t\t\t\t\t\t\t\t\t<h4 style=\"text-align: center;\">This page is currently being updated. Please come back later!<\/h4>\t\t\t\t\t\t\t\t<\/div>\n\t\t\t\t\t<\/div>\n\t\t\t\t<\/div>\n\t\t<div class=\"elementor-element elementor-element-fc035b4 e-flex e-con-boxed e-con e-parent\" data-id=\"fc035b4\" data-element_type=\"container\" data-e-type=\"container\" data-settings=\"{&quot;background_background&quot;:&quot;classic&quot;}\">\n\t\t\t\t\t<div class=\"e-con-inner\">\n\t\t\t\t<div class=\"elementor-element elementor-element-f9fa0a2 elementor-widget__width-inherit elementor-widget elementor-widget-heading\" data-id=\"f9fa0a2\" data-element_type=\"widget\" data-e-type=\"widget\" data-widget_type=\"heading.default\">\n\t\t\t\t\t<h1 class=\"elementor-heading-title elementor-size-default\">Retail<\/h1>\t\t\t\t<\/div>\n\t\t<div class=\"elementor-element elementor-element-8923d71 e-con-full e-flex e-con e-child\" data-id=\"8923d71\" data-element_type=\"container\" data-e-type=\"container\" data-settings=\"{&quot;background_background&quot;:&quot;classic&quot;}\">\n\t\t\t\t<\/div>\n\t\t<div class=\"elementor-element elementor-element-e615872 e-con-full e-flex e-con e-child\" data-id=\"e615872\" data-element_type=\"container\" data-e-type=\"container\">\n\t\t\t\t<\/div>\n\t\t\t\t\t<\/div>\n\t\t\t\t<\/div>\n\t\t<div class=\"elementor-element elementor-element-ed15211 e-flex e-con-boxed e-con e-parent\" data-id=\"ed15211\" data-element_type=\"container\" data-e-type=\"container\" data-settings=\"{&quot;background_background&quot;:&quot;classic&quot;}\">\n\t\t\t\t\t<div class=\"e-con-inner\">\n\t\t<div class=\"elementor-element elementor-element-a2a0577 e-con-full e-flex e-con e-child\" data-id=\"a2a0577\" data-element_type=\"container\" data-e-type=\"container\">\n\t\t\t\t<div class=\"elementor-element elementor-element-2f32e2f elementor-widget elementor-widget-text-editor\" data-id=\"2f32e2f\" data-element_type=\"widget\" data-e-type=\"widget\" data-widget_type=\"text-editor.default\">\n\t\t\t\t\t\t\t\t\t<h4><em>Responsible employee<\/em><\/h4>\t\t\t\t\t\t\t\t<\/div>\n\t\t\t\t<div class=\"elementor-element elementor-element-242cd9d elementor-widget elementor-widget-image\" data-id=\"242cd9d\" data-element_type=\"widget\" data-e-type=\"widget\" data-widget_type=\"image.default\">\n\t\t\t\t\t\t\t\t\t\t\t\t\t\t\t<img decoding=\"async\" src=\"https:\/\/coopagrobioquebec.com\/wp-content\/uploads\/2022\/03\/joey-recadree-photo-professionnelle-2024-09-20-copie.png\" title=\"\" alt=\"\" loading=\"lazy\" \/>\t\t\t\t\t\t\t\t\t\t\t\t\t\t\t<\/div>\n\t\t\t\t<div class=\"elementor-element elementor-element-3736810 elementor-widget elementor-widget-spacer\" data-id=\"3736810\" data-element_type=\"widget\" data-e-type=\"widget\" data-widget_type=\"spacer.default\">\n\t\t\t\t\t\t\t<div class=\"elementor-spacer\">\n\t\t\t<div class=\"elementor-spacer-inner\"><\/div>\n\t\t<\/div>\n\t\t\t\t\t\t<\/div>\n\t\t\t\t<div class=\"elementor-element elementor-element-05dade9 elementor-widget__width-initial elementor-widget elementor-widget-text-editor\" data-id=\"05dade9\" data-element_type=\"widget\" data-e-type=\"widget\" data-widget_type=\"text-editor.default\">\n\t\t\t\t\t\t\t\t\t<p><strong>Joey Benoit<br><\/strong>Sales Representative<br><a href=\"tel:1-450-917-2476\">(450) 917-2476<\/a><br><a href=\"mailto:joey@agrobioquebec.com\">joey@agrobioquebec.com<\/a><\/p>\t\t\t\t\t\t\t\t<\/div>\n\t\t\t\t<\/div>\n\t\t<div class=\"elementor-element elementor-element-40b71d1 e-con-full e-flex e-con e-child\" data-id=\"40b71d1\" data-element_type=\"container\" data-e-type=\"container\">\n\t\t\t\t<div class=\"elementor-element elementor-element-af77db5 elementor-widget elementor-widget-text-editor\" data-id=\"af77db5\" data-element_type=\"widget\" data-e-type=\"widget\" data-widget_type=\"text-editor.default\">\n\t\t\t\t\t\t\t\t\t<h3>Do you have any questions about our retail activities?  <\/h3>\t\t\t\t\t\t\t\t<\/div>\n\t\t\t\t<div class=\"elementor-element elementor-element-fb2dd94 elementor-button-align-end elementor-widget__width-inherit elementor-widget elementor-widget-form\" data-id=\"fb2dd94\" data-element_type=\"widget\" data-e-type=\"widget\" data-settings=\"{&quot;step_next_label&quot;:&quot;Next&quot;,&quot;step_previous_label&quot;:&quot;Previous&quot;,&quot;button_width&quot;:&quot;100&quot;,&quot;step_type&quot;:&quot;number_text&quot;,&quot;step_icon_shape&quot;:&quot;circle&quot;}\" data-widget_type=\"form.default\">\n\t\t\t\t\t\t\t<form class=\"elementor-form\" method=\"post\" name=\"Contact us\" aria-label=\"Contact us\">\n\t\t\t<input type=\"hidden\" name=\"post_id\" value=\"3551\"\/>\n\t\t\t<input type=\"hidden\" name=\"form_id\" value=\"fb2dd94\"\/>\n\t\t\t<input type=\"hidden\" name=\"referer_title\" value=\"Coop\u00e9rative de producteurs de grains biologiques au Qu\u00e9bec\" \/>\n\n\t\t\t\t\t\t\t<input type=\"hidden\" name=\"queried_id\" value=\"3551\"\/>\n\t\t\t\n\t\t\t<div class=\"elementor-form-fields-wrapper elementor-labels-\">\n\t\t\t\t\t\t\t\t<div class=\"elementor-field-type-text elementor-field-group elementor-column elementor-field-group-name elementor-col-100 elementor-field-required\">\n\t\t\t\t\t\t\t\t\t\t\t\t<label for=\"form-field-name\" class=\"elementor-field-label elementor-screen-only\">\n\t\t\t\t\t\t\t\tFirst and last name\t\t\t\t\t\t\t<\/label>\n\t\t\t\t\t\t\t\t\t\t\t\t\t\t<input size=\"1\" type=\"text\" name=\"form_fields[name]\" id=\"form-field-name\" class=\"elementor-field elementor-size-sm  elementor-field-textual\" placeholder=\"First and last name\" required=\"required\">\n\t\t\t\t\t\t\t\t\t\t\t<\/div>\n\t\t\t\t\t\t\t\t<div class=\"elementor-field-type-email elementor-field-group elementor-column elementor-field-group-email elementor-col-100 elementor-field-required\">\n\t\t\t\t\t\t\t\t\t\t\t\t<label for=\"form-field-email\" class=\"elementor-field-label elementor-screen-only\">\n\t\t\t\t\t\t\t\tE-mail\t\t\t\t\t\t\t<\/label>\n\t\t\t\t\t\t\t\t\t\t\t\t\t\t<input size=\"1\" type=\"email\" name=\"form_fields[email]\" id=\"form-field-email\" class=\"elementor-field elementor-size-sm  elementor-field-textual\" placeholder=\"E-mail*\" required=\"required\">\n\t\t\t\t\t\t\t\t\t\t\t<\/div>\n\t\t\t\t\t\t\t\t<div class=\"elementor-field-type-tel elementor-field-group elementor-column elementor-field-group-field_0087a44 elementor-col-100 elementor-field-required\">\n\t\t\t\t\t\t\t\t\t\t\t\t<label for=\"form-field-field_0087a44\" class=\"elementor-field-label elementor-screen-only\">\n\t\t\t\t\t\t\t\tPhone\t\t\t\t\t\t\t<\/label>\n\t\t\t\t\t\t\t\t<input size=\"1\" type=\"tel\" name=\"form_fields[field_0087a44]\" id=\"form-field-field_0087a44\" class=\"elementor-field elementor-size-sm  elementor-field-textual\" placeholder=\"Phone*\" required=\"required\" pattern=\"[0-9()#&amp;+*-=.]+\" title=\"Only numbers and phone characters (#, -, *, etc) are accepted.\">\n\n\t\t\t\t\t\t<\/div>\n\t\t\t\t\t\t\t\t<div class=\"elementor-field-type-select elementor-field-group elementor-column elementor-field-group-field_b698bc2 elementor-col-100\">\n\t\t\t\t\t\t\t<div class=\"elementor-field elementor-select-wrapper remove-before \">\n\t\t\t<div class=\"select-caret-down-wrapper\">\n\t\t\t\t<svg aria-hidden=\"true\" class=\"e-font-icon-svg e-eicon-caret-down\" viewBox=\"0 0 571.4 571.4\" xmlns=\"http:\/\/www.w3.org\/2000\/svg\"><path d=\"M571 393Q571 407 561 418L311 668Q300 679 286 679T261 668L11 418Q0 407 0 393T11 368 36 357H536Q550 357 561 368T571 393Z\"><\/path><\/svg>\t\t\t<\/div>\n\t\t\t<select name=\"form_fields[field_b698bc2]\" id=\"form-field-field_b698bc2\" class=\"elementor-field-textual elementor-size-sm\">\n\t\t\t\t\t\t\t\t\t<option value=\"-- Choose --\">-- Choose --<\/option>\n\t\t\t\t\t\t\t\t\t<option value=\"Home\">Home<\/option>\n\t\t\t\t\t\t\t\t\t<option value=\"Business\">Business<\/option>\n\t\t\t\t\t\t\t<\/select>\n\t\t<\/div>\n\t\t\t\t\t\t<\/div>\n\t\t\t\t\t\t\t\t<div class=\"elementor-field-type-textarea elementor-field-group elementor-column elementor-field-group-field_d6938e7 elementor-col-100 elementor-field-required\">\n\t\t\t\t\t\t\t\t\t\t\t\t<label for=\"form-field-field_d6938e7\" class=\"elementor-field-label elementor-screen-only\">\n\t\t\t\t\t\t\t\tQuestions or comments\t\t\t\t\t\t\t<\/label>\n\t\t\t\t\t\t<textarea class=\"elementor-field-textual elementor-field  elementor-size-sm\" name=\"form_fields[field_d6938e7]\" id=\"form-field-field_d6938e7\" rows=\"4\" placeholder=\"Questions or comments*\" required=\"required\"><\/textarea>\t\t\t\t<\/div>\n\t\t\t\t\t\t\t\t<div class=\"elementor-field-group elementor-column elementor-field-type-submit elementor-col-100 e-form__buttons\">\n\t\t\t\t\t<button class=\"elementor-button elementor-size-sm\" type=\"submit\">\n\t\t\t\t\t\t<span class=\"elementor-button-content-wrapper\">\n\t\t\t\t\t\t\t\t\t\t\t\t\t\t\t\t\t\t\t\t\t\t<span class=\"elementor-button-text\">Send form<\/span>\n\t\t\t\t\t\t\t\t\t\t\t\t\t<\/span>\n\t\t\t\t\t<\/button>\n\t\t\t\t<\/div>\n\t\t\t<\/div>\n\t\t<\/form>\n\t\t\t\t\t\t<\/div>\n\t\t\t\t<div class=\"elementor-element elementor-element-4568ff5 elementor-widget elementor-widget-spacer\" data-id=\"4568ff5\" data-element_type=\"widget\" data-e-type=\"widget\" data-widget_type=\"spacer.default\">\n\t\t\t\t\t\t\t<div class=\"elementor-spacer\">\n\t\t\t<div class=\"elementor-spacer-inner\"><\/div>\n\t\t<\/div>\n\t\t\t\t\t\t<\/div>\n\t\t\t\t<div class=\"elementor-element elementor-element-c3e0d1d elementor-widget elementor-widget-spacer\" data-id=\"c3e0d1d\" data-element_type=\"widget\" data-e-type=\"widget\" data-widget_type=\"spacer.default\">\n\t\t\t\t\t\t\t<div class=\"elementor-spacer\">\n\t\t\t<div class=\"elementor-spacer-inner\"><\/div>\n\t\t<\/div>\n\t\t\t\t\t\t<\/div>\n\t\t\t\t<\/div>\n\t\t\t\t<div class=\"elementor-element elementor-element-0930180 elementor-widget elementor-widget-spacer\" data-id=\"0930180\" data-element_type=\"widget\" data-e-type=\"widget\" data-widget_type=\"spacer.default\">\n\t\t\t\t\t\t\t<div class=\"elementor-spacer\">\n\t\t\t<div class=\"elementor-spacer-inner\"><\/div>\n\t\t<\/div>\n\t\t\t\t\t\t<\/div>\n\t\t\t\t\t<\/div>\n\t\t\t\t<\/div>\n\t\t\t\t<\/div>\n\t\t","protected":false},"excerpt":{"rendered":"<p>&nbsp; &nbsp; This page is currently being updated. Please come back later! Responsible employee Joey Benoit Sales Representative (450) 917-2476 joey@agrobioquebec.com Do you have any questions about our retail activities?<\/p>\n","protected":false},"author":12,"featured_media":0,"parent":0,"menu_order":0,"comment_status":"closed","ping_status":"closed","template":"elementor_header_footer","meta":{"_acf_changed":false,"inline_featured_image":false,"footnotes":""},"class_list":["post-3551","page","type-page","status-publish","hentry"],"acf":[],"yoast_head":"<!-- This site is optimized with the Yoast SEO plugin v27.4 - https:\/\/yoast.com\/product\/yoast-seo-wordpress\/ -->\n<title>Coop\u00e9rative de producteurs de grains biologiques au Qu\u00e9bec<\/title>\n<meta name=\"description\" content=\"La Coop Agrobio du Qu\u00e9bec regroupe des producteurs de grains biologiques, offrant des produits locaux et durables.\" \/>\n<meta name=\"robots\" content=\"index, follow, max-snippet:-1, max-image-preview:large, max-video-preview:-1\" \/>\n<link rel=\"canonical\" href=\"https:\/\/coopagrobioquebec.com\/en\/retail-department\/\" \/>\n<meta property=\"og:locale\" content=\"en_US\" \/>\n<meta property=\"og:type\" content=\"article\" \/>\n<meta property=\"og:title\" content=\"Coop\u00e9rative de producteurs de grains biologiques au Qu\u00e9bec\" \/>\n<meta property=\"og:description\" content=\"La Coop Agrobio du Qu\u00e9bec regroupe des producteurs de grains biologiques, offrant des produits locaux et durables.\" \/>\n<meta property=\"og:url\" content=\"https:\/\/coopagrobioquebec.com\/en\/retail-department\/\" \/>\n<meta property=\"og:site_name\" content=\"Coop AgroBio\" \/>\n<meta property=\"article:publisher\" content=\"https:\/\/www.facebook.com\/agrobioquebec\" \/>\n<meta property=\"article:modified_time\" content=\"2025-03-11T17:48:38+00:00\" \/>\n<meta property=\"og:image\" content=\"https:\/\/coopagrobioquebec.com\/wp-content\/uploads\/2022\/03\/joey-recadree-photo-professionnelle-2024-09-20-copie.png\" \/>\n<meta name=\"twitter:card\" content=\"summary_large_image\" \/>\n<meta name=\"twitter:label1\" content=\"Est. reading time\" \/>\n\t<meta name=\"twitter:data1\" content=\"1 minute\" \/>\n<script type=\"application\/ld+json\" class=\"yoast-schema-graph\">{\"@context\":\"https:\\\/\\\/schema.org\",\"@graph\":[{\"@type\":\"WebPage\",\"@id\":\"https:\\\/\\\/coopagrobioquebec.com\\\/en\\\/retail-department\\\/\",\"url\":\"https:\\\/\\\/coopagrobioquebec.com\\\/en\\\/retail-department\\\/\",\"name\":\"Coop\u00e9rative de producteurs de grains biologiques au Qu\u00e9bec\",\"isPartOf\":{\"@id\":\"https:\\\/\\\/coopagrobioquebec.com\\\/en\\\/#website\"},\"primaryImageOfPage\":{\"@id\":\"https:\\\/\\\/coopagrobioquebec.com\\\/en\\\/retail-department\\\/#primaryimage\"},\"image\":{\"@id\":\"https:\\\/\\\/coopagrobioquebec.com\\\/en\\\/retail-department\\\/#primaryimage\"},\"thumbnailUrl\":\"https:\\\/\\\/coopagrobioquebec.com\\\/wp-content\\\/uploads\\\/2022\\\/03\\\/joey-recadree-photo-professionnelle-2024-09-20-copie.png\",\"datePublished\":\"2024-09-18T09:30:15+00:00\",\"dateModified\":\"2025-03-11T17:48:38+00:00\",\"description\":\"La Coop Agrobio du Qu\u00e9bec regroupe des producteurs de grains biologiques, offrant des produits locaux et durables.\",\"breadcrumb\":{\"@id\":\"https:\\\/\\\/coopagrobioquebec.com\\\/en\\\/retail-department\\\/#breadcrumb\"},\"inLanguage\":\"en-US\",\"potentialAction\":[{\"@type\":\"ReadAction\",\"target\":[\"https:\\\/\\\/coopagrobioquebec.com\\\/en\\\/retail-department\\\/\"]}]},{\"@type\":\"ImageObject\",\"inLanguage\":\"en-US\",\"@id\":\"https:\\\/\\\/coopagrobioquebec.com\\\/en\\\/retail-department\\\/#primaryimage\",\"url\":\"https:\\\/\\\/coopagrobioquebec.com\\\/wp-content\\\/uploads\\\/2022\\\/03\\\/joey-recadree-photo-professionnelle-2024-09-20-copie.png\",\"contentUrl\":\"https:\\\/\\\/coopagrobioquebec.com\\\/wp-content\\\/uploads\\\/2022\\\/03\\\/joey-recadree-photo-professionnelle-2024-09-20-copie.png\"},{\"@type\":\"BreadcrumbList\",\"@id\":\"https:\\\/\\\/coopagrobioquebec.com\\\/en\\\/retail-department\\\/#breadcrumb\",\"itemListElement\":[{\"@type\":\"ListItem\",\"position\":1,\"name\":\"Accueil\",\"item\":\"https:\\\/\\\/coopagrobioquebec.com\\\/en\\\/\"},{\"@type\":\"ListItem\",\"position\":2,\"name\":\"Retail\"}]},{\"@type\":\"WebSite\",\"@id\":\"https:\\\/\\\/coopagrobioquebec.com\\\/en\\\/#website\",\"url\":\"https:\\\/\\\/coopagrobioquebec.com\\\/en\\\/\",\"name\":\"Coop AgroBio\",\"description\":\"Coop Agrobio\",\"publisher\":{\"@id\":\"https:\\\/\\\/coopagrobioquebec.com\\\/en\\\/#organization\"},\"potentialAction\":[{\"@type\":\"SearchAction\",\"target\":{\"@type\":\"EntryPoint\",\"urlTemplate\":\"https:\\\/\\\/coopagrobioquebec.com\\\/en\\\/?s={search_term_string}\"},\"query-input\":{\"@type\":\"PropertyValueSpecification\",\"valueRequired\":true,\"valueName\":\"search_term_string\"}}],\"inLanguage\":\"en-US\"},{\"@type\":\"Organization\",\"@id\":\"https:\\\/\\\/coopagrobioquebec.com\\\/en\\\/#organization\",\"name\":\"Coop AgroBio\",\"url\":\"https:\\\/\\\/coopagrobioquebec.com\\\/en\\\/\",\"logo\":{\"@type\":\"ImageObject\",\"inLanguage\":\"en-US\",\"@id\":\"https:\\\/\\\/coopagrobioquebec.com\\\/en\\\/#\\\/schema\\\/logo\\\/image\\\/\",\"url\":\"https:\\\/\\\/coopagrobioquebec.com\\\/wp-content\\\/uploads\\\/2021\\\/12\\\/logo-coop-agrobio.png\",\"contentUrl\":\"https:\\\/\\\/coopagrobioquebec.com\\\/wp-content\\\/uploads\\\/2021\\\/12\\\/logo-coop-agrobio.png\",\"width\":1000,\"height\":459,\"caption\":\"Coop AgroBio\"},\"image\":{\"@id\":\"https:\\\/\\\/coopagrobioquebec.com\\\/en\\\/#\\\/schema\\\/logo\\\/image\\\/\"},\"sameAs\":[\"https:\\\/\\\/www.facebook.com\\\/agrobioquebec\",\"https:\\\/\\\/www.youtube.com\\\/channel\\\/UC27IdUG4nHe8xBxqZzrUqmw\",\"https:\\\/\\\/www.instagram.com\\\/coop_agrobio_quebec\\\/\"]}]}<\/script>\n<!-- \/ Yoast SEO plugin. -->","yoast_head_json":{"title":"Coop\u00e9rative de producteurs de grains biologiques au Qu\u00e9bec","description":"La Coop Agrobio du Qu\u00e9bec regroupe des producteurs de grains biologiques, offrant des produits locaux et durables.","robots":{"index":"index","follow":"follow","max-snippet":"max-snippet:-1","max-image-preview":"max-image-preview:large","max-video-preview":"max-video-preview:-1"},"canonical":"https:\/\/coopagrobioquebec.com\/en\/retail-department\/","og_locale":"en_US","og_type":"article","og_title":"Coop\u00e9rative de producteurs de grains biologiques au Qu\u00e9bec","og_description":"La Coop Agrobio du Qu\u00e9bec regroupe des producteurs de grains biologiques, offrant des produits locaux et durables.","og_url":"https:\/\/coopagrobioquebec.com\/en\/retail-department\/","og_site_name":"Coop AgroBio","article_publisher":"https:\/\/www.facebook.com\/agrobioquebec","article_modified_time":"2025-03-11T17:48:38+00:00","og_image":[{"url":"https:\/\/coopagrobioquebec.com\/wp-content\/uploads\/2022\/03\/joey-recadree-photo-professionnelle-2024-09-20-copie.png","type":"","width":"","height":""}],"twitter_card":"summary_large_image","twitter_misc":{"Est. reading time":"1 minute"},"schema":{"@context":"https:\/\/schema.org","@graph":[{"@type":"WebPage","@id":"https:\/\/coopagrobioquebec.com\/en\/retail-department\/","url":"https:\/\/coopagrobioquebec.com\/en\/retail-department\/","name":"Coop\u00e9rative de producteurs de grains biologiques au Qu\u00e9bec","isPartOf":{"@id":"https:\/\/coopagrobioquebec.com\/en\/#website"},"primaryImageOfPage":{"@id":"https:\/\/coopagrobioquebec.com\/en\/retail-department\/#primaryimage"},"image":{"@id":"https:\/\/coopagrobioquebec.com\/en\/retail-department\/#primaryimage"},"thumbnailUrl":"https:\/\/coopagrobioquebec.com\/wp-content\/uploads\/2022\/03\/joey-recadree-photo-professionnelle-2024-09-20-copie.png","datePublished":"2024-09-18T09:30:15+00:00","dateModified":"2025-03-11T17:48:38+00:00","description":"La Coop Agrobio du Qu\u00e9bec regroupe des producteurs de grains biologiques, offrant des produits locaux et durables.","breadcrumb":{"@id":"https:\/\/coopagrobioquebec.com\/en\/retail-department\/#breadcrumb"},"inLanguage":"en-US","potentialAction":[{"@type":"ReadAction","target":["https:\/\/coopagrobioquebec.com\/en\/retail-department\/"]}]},{"@type":"ImageObject","inLanguage":"en-US","@id":"https:\/\/coopagrobioquebec.com\/en\/retail-department\/#primaryimage","url":"https:\/\/coopagrobioquebec.com\/wp-content\/uploads\/2022\/03\/joey-recadree-photo-professionnelle-2024-09-20-copie.png","contentUrl":"https:\/\/coopagrobioquebec.com\/wp-content\/uploads\/2022\/03\/joey-recadree-photo-professionnelle-2024-09-20-copie.png"},{"@type":"BreadcrumbList","@id":"https:\/\/coopagrobioquebec.com\/en\/retail-department\/#breadcrumb","itemListElement":[{"@type":"ListItem","position":1,"name":"Accueil","item":"https:\/\/coopagrobioquebec.com\/en\/"},{"@type":"ListItem","position":2,"name":"Retail"}]},{"@type":"WebSite","@id":"https:\/\/coopagrobioquebec.com\/en\/#website","url":"https:\/\/coopagrobioquebec.com\/en\/","name":"Coop AgroBio","description":"Coop Agrobio","publisher":{"@id":"https:\/\/coopagrobioquebec.com\/en\/#organization"},"potentialAction":[{"@type":"SearchAction","target":{"@type":"EntryPoint","urlTemplate":"https:\/\/coopagrobioquebec.com\/en\/?s={search_term_string}"},"query-input":{"@type":"PropertyValueSpecification","valueRequired":true,"valueName":"search_term_string"}}],"inLanguage":"en-US"},{"@type":"Organization","@id":"https:\/\/coopagrobioquebec.com\/en\/#organization","name":"Coop AgroBio","url":"https:\/\/coopagrobioquebec.com\/en\/","logo":{"@type":"ImageObject","inLanguage":"en-US","@id":"https:\/\/coopagrobioquebec.com\/en\/#\/schema\/logo\/image\/","url":"https:\/\/coopagrobioquebec.com\/wp-content\/uploads\/2021\/12\/logo-coop-agrobio.png","contentUrl":"https:\/\/coopagrobioquebec.com\/wp-content\/uploads\/2021\/12\/logo-coop-agrobio.png","width":1000,"height":459,"caption":"Coop AgroBio"},"image":{"@id":"https:\/\/coopagrobioquebec.com\/en\/#\/schema\/logo\/image\/"},"sameAs":["https:\/\/www.facebook.com\/agrobioquebec","https:\/\/www.youtube.com\/channel\/UC27IdUG4nHe8xBxqZzrUqmw","https:\/\/www.instagram.com\/coop_agrobio_quebec\/"]}]}},"_links":{"self":[{"href":"https:\/\/coopagrobioquebec.com\/en\/wp-json\/wp\/v2\/pages\/3551","targetHints":{"allow":["GET"]}}],"collection":[{"href":"https:\/\/coopagrobioquebec.com\/en\/wp-json\/wp\/v2\/pages"}],"about":[{"href":"https:\/\/coopagrobioquebec.com\/en\/wp-json\/wp\/v2\/types\/page"}],"author":[{"embeddable":true,"href":"https:\/\/coopagrobioquebec.com\/en\/wp-json\/wp\/v2\/users\/12"}],"replies":[{"embeddable":true,"href":"https:\/\/coopagrobioquebec.com\/en\/wp-json\/wp\/v2\/comments?post=3551"}],"version-history":[{"count":0,"href":"https:\/\/coopagrobioquebec.com\/en\/wp-json\/wp\/v2\/pages\/3551\/revisions"}],"wp:attachment":[{"href":"https:\/\/coopagrobioquebec.com\/en\/wp-json\/wp\/v2\/media?parent=3551"}],"curies":[{"name":"wp","href":"https:\/\/api.w.org\/{rel}","templated":true}]}}