{"id":3400,"date":"2021-11-01T14:26:32","date_gmt":"2021-11-01T18:26:32","guid":{"rendered":"https:\/\/coopagrobioquebec.com\/our-members\/"},"modified":"2025-03-10T15:22:04","modified_gmt":"2025-03-10T19:22:04","slug":"our-members","status":"publish","type":"page","link":"https:\/\/coopagrobioquebec.com\/en\/our-members\/","title":{"rendered":"Our members"},"content":{"rendered":"\t\t<div data-elementor-type=\"wp-page\" data-elementor-id=\"3400\" class=\"elementor elementor-3400 elementor-51\" data-elementor-post-type=\"page\">\n\t\t\t\t<div class=\"elementor-element elementor-element-4edb09d e-flex e-con-boxed e-con e-parent\" data-id=\"4edb09d\" data-element_type=\"container\" data-e-type=\"container\" data-settings=\"{&quot;background_background&quot;:&quot;classic&quot;}\">\n\t\t\t\t\t<div class=\"e-con-inner\">\n\t\t\t\t<div class=\"elementor-element elementor-element-f02629e elementor-absolute elementor-hidden-mobile elementor-view-default elementor-invisible elementor-widget elementor-widget-icon\" data-id=\"f02629e\" data-element_type=\"widget\" data-e-type=\"widget\" data-settings=\"{&quot;_position&quot;:&quot;absolute&quot;,&quot;_animation&quot;:&quot;fadeInUp&quot;}\" data-widget_type=\"icon.default\">\n\t\t\t\t\t\t\t<div class=\"elementor-icon-wrapper\">\n\t\t\t<div class=\"elementor-icon\">\n\t\t\t<svg xmlns=\"http:\/\/www.w3.org\/2000\/svg\" id=\"Layer_1\" viewBox=\"0 0 377.8 380.8\"><defs><style>      .st0 {        fill: #00b2a9;      }      .st0, .st1 {        stroke: #00b2a9;        stroke-miterlimit: 4;        stroke-width: 2px;      }      .st1 {        fill: none;      }    <\/style><\/defs><g id=\"Groupe_338\"><path id=\"Trac&#xE9;_47\" class=\"st0\" d=\"M46.6,123.1c-2.6,0,201.4,14.6,188.3,216.8C39.2,319.5,46.6,123.1,46.6,123.1Z\"><\/path><path id=\"Trac&#xE9;_48\" class=\"st1\" d=\"M339.4,21.3c1.5,0-111.6,8.1-104.3,120.1,108.4-11.3,104.3-120.1,104.3-120.1Z\"><\/path><\/g><\/svg>\t\t\t<\/div>\n\t\t<\/div>\n\t\t\t\t\t\t<\/div>\n\t\t\t\t\t<\/div>\n\t\t\t\t<\/div>\n\t\t<div class=\"elementor-element elementor-element-08bdefc e-flex e-con-boxed e-con e-parent\" data-id=\"08bdefc\" data-element_type=\"container\" data-e-type=\"container\" data-settings=\"{&quot;background_background&quot;:&quot;classic&quot;}\">\n\t\t\t\t\t<div class=\"e-con-inner\">\n\t\t<div class=\"elementor-element elementor-element-24573b7 e-con-full e-flex e-con e-child\" data-id=\"24573b7\" data-element_type=\"container\" data-e-type=\"container\">\n\t\t\t\t<div class=\"elementor-element elementor-element-f47e2c8 elementor-widget elementor-widget-heading\" data-id=\"f47e2c8\" data-element_type=\"widget\" data-e-type=\"widget\" data-widget_type=\"heading.default\">\n\t\t\t\t\t<h2 class=\"elementor-heading-title elementor-size-default\">150 members from Quebec to Ontario<\/h2>\t\t\t\t<\/div>\n\t\t\t\t<\/div>\n\t\t<div class=\"elementor-element elementor-element-1556913 e-con-full e-flex e-con e-child\" data-id=\"1556913\" data-element_type=\"container\" data-e-type=\"container\" data-settings=\"{&quot;background_background&quot;:&quot;classic&quot;}\">\n\t\t\t\t<\/div>\n\t\t\t\t\t<\/div>\n\t\t\t\t<\/div>\n\t\t<div class=\"elementor-element elementor-element-bb2ea8d e-flex e-con-boxed e-con e-parent\" data-id=\"bb2ea8d\" data-element_type=\"container\" data-e-type=\"container\" data-settings=\"{&quot;background_background&quot;:&quot;classic&quot;}\">\n\t\t\t\t\t<div class=\"e-con-inner\">\n\t\t<div class=\"elementor-element elementor-element-34c682d e-con-full e-flex e-con e-child\" data-id=\"34c682d\" data-element_type=\"container\" data-e-type=\"container\">\n\t\t\t\t<div class=\"elementor-element elementor-element-193830e elementor-widget elementor-widget-video\" data-id=\"193830e\" data-element_type=\"widget\" data-e-type=\"widget\" data-settings=\"{&quot;youtube_url&quot;:&quot;https:\\\/\\\/www.youtube.com\\\/watch?v=qEptVRRbNSs&quot;,&quot;show_image_overlay&quot;:&quot;yes&quot;,&quot;image_overlay&quot;:{&quot;url&quot;:&quot;https:\\\/\\\/coopagrobioquebec.com\\\/wp-content\\\/uploads\\\/2024\\\/09\\\/logo-avec-fond-coop-agrobio.jpg&quot;,&quot;id&quot;:2223,&quot;size&quot;:&quot;&quot;,&quot;alt&quot;:&quot;&quot;,&quot;source&quot;:&quot;library&quot;},&quot;video_type&quot;:&quot;youtube&quot;,&quot;controls&quot;:&quot;yes&quot;}\" data-widget_type=\"video.default\">\n\t\t\t\t\t\t\t<div class=\"elementor-wrapper elementor-open-inline\">\n\t\t\t<div class=\"elementor-video\"><\/div>\t\t\t\t<div class=\"elementor-custom-embed-image-overlay\" style=\"background-image: url(https:\/\/coopagrobioquebec.com\/wp-content\/uploads\/2024\/09\/logo-avec-fond-coop-agrobio.jpg);\">\n\t\t\t\t\t\t\t\t\t\t\t\t\t\t\t\t<div class=\"elementor-custom-embed-play\" role=\"button\" aria-label=\"Play Video\" tabindex=\"0\">\n\t\t\t\t\t\t\t<svg aria-hidden=\"true\" class=\"e-font-icon-svg e-eicon-play\" viewBox=\"0 0 1000 1000\" xmlns=\"http:\/\/www.w3.org\/2000\/svg\"><path d=\"M838 162C746 71 633 25 500 25 371 25 258 71 163 162 71 254 25 367 25 500 25 633 71 746 163 837 254 929 367 979 500 979 633 979 746 933 838 837 929 746 975 633 975 500 975 367 929 254 838 162M808 192C892 279 933 379 933 500 933 621 892 725 808 808 725 892 621 938 500 938 379 938 279 896 196 808 113 725 67 621 67 500 67 379 108 279 196 192 279 108 383 62 500 62 621 62 721 108 808 192M438 392V642L642 517 438 392Z\"><\/path><\/svg>\t\t\t\t\t\t<\/div>\n\t\t\t\t\t\t\t\t\t<\/div>\n\t\t\t\t\t<\/div>\n\t\t\t\t\t\t<\/div>\n\t\t\t\t<div class=\"elementor-element elementor-element-eeeb91d elementor-widget elementor-widget-heading\" data-id=\"eeeb91d\" data-element_type=\"widget\" data-e-type=\"widget\" data-widget_type=\"heading.default\">\n\t\t\t\t\t<div class=\"elementor-heading-title elementor-size-default\">Coop Agrobio du Qu\u00e9bec<\/div>\t\t\t\t<\/div>\n\t\t\t\t<\/div>\n\t\t<div class=\"elementor-element elementor-element-98dad40 e-con-full e-flex e-con e-child\" data-id=\"98dad40\" data-element_type=\"container\" data-e-type=\"container\">\n\t\t\t\t<div class=\"elementor-element elementor-element-c5bb0cc elementor-widget elementor-widget-video\" data-id=\"c5bb0cc\" data-element_type=\"widget\" data-e-type=\"widget\" data-settings=\"{&quot;youtube_url&quot;:&quot;https:\\\/\\\/www.youtube.com\\\/watch?v=SAaazZ6AWGc&quot;,&quot;show_image_overlay&quot;:&quot;yes&quot;,&quot;image_overlay&quot;:{&quot;url&quot;:&quot;https:\\\/\\\/coopagrobioquebec.com\\\/wp-content\\\/uploads\\\/2022\\\/03\\\/dscf7592ps-1-scaled.jpg&quot;,&quot;id&quot;:1343,&quot;size&quot;:&quot;&quot;,&quot;alt&quot;:&quot;&quot;,&quot;source&quot;:&quot;library&quot;},&quot;video_type&quot;:&quot;youtube&quot;,&quot;controls&quot;:&quot;yes&quot;}\" data-widget_type=\"video.default\">\n\t\t\t\t\t\t\t<div class=\"elementor-wrapper elementor-open-inline\">\n\t\t\t<div class=\"elementor-video\"><\/div>\t\t\t\t<div class=\"elementor-custom-embed-image-overlay\" style=\"background-image: url(https:\/\/coopagrobioquebec.com\/wp-content\/uploads\/2022\/03\/dscf7592ps-1-scaled.jpg);\">\n\t\t\t\t\t\t\t\t\t\t\t\t\t\t\t\t<div class=\"elementor-custom-embed-play\" role=\"button\" aria-label=\"Play Video\" tabindex=\"0\">\n\t\t\t\t\t\t\t<svg aria-hidden=\"true\" class=\"e-font-icon-svg e-eicon-play\" viewBox=\"0 0 1000 1000\" xmlns=\"http:\/\/www.w3.org\/2000\/svg\"><path d=\"M838 162C746 71 633 25 500 25 371 25 258 71 163 162 71 254 25 367 25 500 25 633 71 746 163 837 254 929 367 979 500 979 633 979 746 933 838 837 929 746 975 633 975 500 975 367 929 254 838 162M808 192C892 279 933 379 933 500 933 621 892 725 808 808 725 892 621 938 500 938 379 938 279 896 196 808 113 725 67 621 67 500 67 379 108 279 196 192 279 108 383 62 500 62 621 62 721 108 808 192M438 392V642L642 517 438 392Z\"><\/path><\/svg>\t\t\t\t\t\t<\/div>\n\t\t\t\t\t\t\t\t\t<\/div>\n\t\t\t\t\t<\/div>\n\t\t\t\t\t\t<\/div>\n\t\t\t\t<div class=\"elementor-element elementor-element-37ac38d elementor-widget elementor-widget-heading\" data-id=\"37ac38d\" data-element_type=\"widget\" data-e-type=\"widget\" data-widget_type=\"heading.default\">\n\t\t\t\t\t<div class=\"elementor-heading-title elementor-size-default\">Coop Agrobio - In the beginning<\/div>\t\t\t\t<\/div>\n\t\t\t\t<\/div>\n\t\t\t\t\t<\/div>\n\t\t\t\t<\/div>\n\t\t\t\t<\/div>\n\t\t","protected":false},"excerpt":{"rendered":"<p>150 members from Quebec to Ontario https:\/\/www.youtube.com\/watch?v=qEptVRRbNSs Coop Agrobio du Qu\u00e9bec https:\/\/www.youtube.com\/watch?v=SAaazZ6AWGc Coop Agrobio &#8211; In the beginning<\/p>\n","protected":false},"author":12,"featured_media":0,"parent":0,"menu_order":0,"comment_status":"closed","ping_status":"closed","template":"","meta":{"_acf_changed":false,"inline_featured_image":false,"footnotes":""},"class_list":["post-3400","page","type-page","status-publish","hentry"],"acf":[],"yoast_head":"<!-- This site is optimized with the Yoast SEO plugin v27.4 - https:\/\/yoast.com\/product\/yoast-seo-wordpress\/ -->\n<title>Coop\u00e9rative de producteurs de grains biologiques au Qu\u00e9bec<\/title>\n<meta name=\"description\" content=\"La Coop Agrobio du Qu\u00e9bec regroupe des producteurs de grains biologiques, offrant des produits locaux et durables.\" \/>\n<meta name=\"robots\" content=\"index, follow, max-snippet:-1, max-image-preview:large, max-video-preview:-1\" \/>\n<link rel=\"canonical\" href=\"https:\/\/coopagrobioquebec.com\/en\/our-members\/\" \/>\n<meta property=\"og:locale\" content=\"en_US\" \/>\n<meta property=\"og:type\" content=\"article\" \/>\n<meta property=\"og:title\" content=\"Coop\u00e9rative de producteurs de grains biologiques au Qu\u00e9bec\" \/>\n<meta property=\"og:description\" content=\"La Coop Agrobio du Qu\u00e9bec regroupe des producteurs de grains biologiques, offrant des produits locaux et durables.\" \/>\n<meta property=\"og:url\" content=\"https:\/\/coopagrobioquebec.com\/en\/our-members\/\" \/>\n<meta property=\"og:site_name\" content=\"Coop AgroBio\" \/>\n<meta property=\"article:publisher\" content=\"https:\/\/www.facebook.com\/agrobioquebec\" \/>\n<meta property=\"article:modified_time\" content=\"2025-03-10T19:22:04+00:00\" \/>\n<meta property=\"og:image\" content=\"https:\/\/coopagrobioquebec.com\/wp-content\/uploads\/2021\/12\/logo-coop-agrobio.png\" \/>\n\t<meta property=\"og:image:width\" content=\"1000\" \/>\n\t<meta property=\"og:image:height\" content=\"459\" \/>\n\t<meta property=\"og:image:type\" content=\"image\/png\" \/>\n<meta name=\"twitter:card\" content=\"summary_large_image\" \/>\n<script type=\"application\/ld+json\" class=\"yoast-schema-graph\">{\"@context\":\"https:\\\/\\\/schema.org\",\"@graph\":[{\"@type\":\"WebPage\",\"@id\":\"https:\\\/\\\/coopagrobioquebec.com\\\/en\\\/our-members\\\/\",\"url\":\"https:\\\/\\\/coopagrobioquebec.com\\\/en\\\/our-members\\\/\",\"name\":\"Coop\u00e9rative de producteurs de grains biologiques au Qu\u00e9bec\",\"isPartOf\":{\"@id\":\"https:\\\/\\\/coopagrobioquebec.com\\\/en\\\/#website\"},\"datePublished\":\"2021-11-01T18:26:32+00:00\",\"dateModified\":\"2025-03-10T19:22:04+00:00\",\"description\":\"La Coop Agrobio du Qu\u00e9bec regroupe des producteurs de grains biologiques, offrant des produits locaux et durables.\",\"breadcrumb\":{\"@id\":\"https:\\\/\\\/coopagrobioquebec.com\\\/en\\\/our-members\\\/#breadcrumb\"},\"inLanguage\":\"en-US\",\"potentialAction\":[{\"@type\":\"ReadAction\",\"target\":[\"https:\\\/\\\/coopagrobioquebec.com\\\/en\\\/our-members\\\/\"]}]},{\"@type\":\"BreadcrumbList\",\"@id\":\"https:\\\/\\\/coopagrobioquebec.com\\\/en\\\/our-members\\\/#breadcrumb\",\"itemListElement\":[{\"@type\":\"ListItem\",\"position\":1,\"name\":\"Accueil\",\"item\":\"https:\\\/\\\/coopagrobioquebec.com\\\/en\\\/\"},{\"@type\":\"ListItem\",\"position\":2,\"name\":\"Our members\"}]},{\"@type\":\"WebSite\",\"@id\":\"https:\\\/\\\/coopagrobioquebec.com\\\/en\\\/#website\",\"url\":\"https:\\\/\\\/coopagrobioquebec.com\\\/en\\\/\",\"name\":\"Coop AgroBio\",\"description\":\"Coop Agrobio\",\"publisher\":{\"@id\":\"https:\\\/\\\/coopagrobioquebec.com\\\/en\\\/#organization\"},\"potentialAction\":[{\"@type\":\"SearchAction\",\"target\":{\"@type\":\"EntryPoint\",\"urlTemplate\":\"https:\\\/\\\/coopagrobioquebec.com\\\/en\\\/?s={search_term_string}\"},\"query-input\":{\"@type\":\"PropertyValueSpecification\",\"valueRequired\":true,\"valueName\":\"search_term_string\"}}],\"inLanguage\":\"en-US\"},{\"@type\":\"Organization\",\"@id\":\"https:\\\/\\\/coopagrobioquebec.com\\\/en\\\/#organization\",\"name\":\"Coop AgroBio\",\"url\":\"https:\\\/\\\/coopagrobioquebec.com\\\/en\\\/\",\"logo\":{\"@type\":\"ImageObject\",\"inLanguage\":\"en-US\",\"@id\":\"https:\\\/\\\/coopagrobioquebec.com\\\/en\\\/#\\\/schema\\\/logo\\\/image\\\/\",\"url\":\"https:\\\/\\\/coopagrobioquebec.com\\\/wp-content\\\/uploads\\\/2021\\\/12\\\/logo-coop-agrobio.png\",\"contentUrl\":\"https:\\\/\\\/coopagrobioquebec.com\\\/wp-content\\\/uploads\\\/2021\\\/12\\\/logo-coop-agrobio.png\",\"width\":1000,\"height\":459,\"caption\":\"Coop AgroBio\"},\"image\":{\"@id\":\"https:\\\/\\\/coopagrobioquebec.com\\\/en\\\/#\\\/schema\\\/logo\\\/image\\\/\"},\"sameAs\":[\"https:\\\/\\\/www.facebook.com\\\/agrobioquebec\",\"https:\\\/\\\/www.youtube.com\\\/channel\\\/UC27IdUG4nHe8xBxqZzrUqmw\",\"https:\\\/\\\/www.instagram.com\\\/coop_agrobio_quebec\\\/\"]}]}<\/script>\n<!-- \/ Yoast SEO plugin. -->","yoast_head_json":{"title":"Coop\u00e9rative de producteurs de grains biologiques au Qu\u00e9bec","description":"La Coop Agrobio du Qu\u00e9bec regroupe des producteurs de grains biologiques, offrant des produits locaux et durables.","robots":{"index":"index","follow":"follow","max-snippet":"max-snippet:-1","max-image-preview":"max-image-preview:large","max-video-preview":"max-video-preview:-1"},"canonical":"https:\/\/coopagrobioquebec.com\/en\/our-members\/","og_locale":"en_US","og_type":"article","og_title":"Coop\u00e9rative de producteurs de grains biologiques au Qu\u00e9bec","og_description":"La Coop Agrobio du Qu\u00e9bec regroupe des producteurs de grains biologiques, offrant des produits locaux et durables.","og_url":"https:\/\/coopagrobioquebec.com\/en\/our-members\/","og_site_name":"Coop AgroBio","article_publisher":"https:\/\/www.facebook.com\/agrobioquebec","article_modified_time":"2025-03-10T19:22:04+00:00","og_image":[{"width":1000,"height":459,"url":"https:\/\/coopagrobioquebec.com\/wp-content\/uploads\/2021\/12\/logo-coop-agrobio.png","type":"image\/png"}],"twitter_card":"summary_large_image","schema":{"@context":"https:\/\/schema.org","@graph":[{"@type":"WebPage","@id":"https:\/\/coopagrobioquebec.com\/en\/our-members\/","url":"https:\/\/coopagrobioquebec.com\/en\/our-members\/","name":"Coop\u00e9rative de producteurs de grains biologiques au Qu\u00e9bec","isPartOf":{"@id":"https:\/\/coopagrobioquebec.com\/en\/#website"},"datePublished":"2021-11-01T18:26:32+00:00","dateModified":"2025-03-10T19:22:04+00:00","description":"La Coop Agrobio du Qu\u00e9bec regroupe des producteurs de grains biologiques, offrant des produits locaux et durables.","breadcrumb":{"@id":"https:\/\/coopagrobioquebec.com\/en\/our-members\/#breadcrumb"},"inLanguage":"en-US","potentialAction":[{"@type":"ReadAction","target":["https:\/\/coopagrobioquebec.com\/en\/our-members\/"]}]},{"@type":"BreadcrumbList","@id":"https:\/\/coopagrobioquebec.com\/en\/our-members\/#breadcrumb","itemListElement":[{"@type":"ListItem","position":1,"name":"Accueil","item":"https:\/\/coopagrobioquebec.com\/en\/"},{"@type":"ListItem","position":2,"name":"Our members"}]},{"@type":"WebSite","@id":"https:\/\/coopagrobioquebec.com\/en\/#website","url":"https:\/\/coopagrobioquebec.com\/en\/","name":"Coop AgroBio","description":"Coop Agrobio","publisher":{"@id":"https:\/\/coopagrobioquebec.com\/en\/#organization"},"potentialAction":[{"@type":"SearchAction","target":{"@type":"EntryPoint","urlTemplate":"https:\/\/coopagrobioquebec.com\/en\/?s={search_term_string}"},"query-input":{"@type":"PropertyValueSpecification","valueRequired":true,"valueName":"search_term_string"}}],"inLanguage":"en-US"},{"@type":"Organization","@id":"https:\/\/coopagrobioquebec.com\/en\/#organization","name":"Coop AgroBio","url":"https:\/\/coopagrobioquebec.com\/en\/","logo":{"@type":"ImageObject","inLanguage":"en-US","@id":"https:\/\/coopagrobioquebec.com\/en\/#\/schema\/logo\/image\/","url":"https:\/\/coopagrobioquebec.com\/wp-content\/uploads\/2021\/12\/logo-coop-agrobio.png","contentUrl":"https:\/\/coopagrobioquebec.com\/wp-content\/uploads\/2021\/12\/logo-coop-agrobio.png","width":1000,"height":459,"caption":"Coop AgroBio"},"image":{"@id":"https:\/\/coopagrobioquebec.com\/en\/#\/schema\/logo\/image\/"},"sameAs":["https:\/\/www.facebook.com\/agrobioquebec","https:\/\/www.youtube.com\/channel\/UC27IdUG4nHe8xBxqZzrUqmw","https:\/\/www.instagram.com\/coop_agrobio_quebec\/"]}]}},"_links":{"self":[{"href":"https:\/\/coopagrobioquebec.com\/en\/wp-json\/wp\/v2\/pages\/3400","targetHints":{"allow":["GET"]}}],"collection":[{"href":"https:\/\/coopagrobioquebec.com\/en\/wp-json\/wp\/v2\/pages"}],"about":[{"href":"https:\/\/coopagrobioquebec.com\/en\/wp-json\/wp\/v2\/types\/page"}],"author":[{"embeddable":true,"href":"https:\/\/coopagrobioquebec.com\/en\/wp-json\/wp\/v2\/users\/12"}],"replies":[{"embeddable":true,"href":"https:\/\/coopagrobioquebec.com\/en\/wp-json\/wp\/v2\/comments?post=3400"}],"version-history":[{"count":0,"href":"https:\/\/coopagrobioquebec.com\/en\/wp-json\/wp\/v2\/pages\/3400\/revisions"}],"wp:attachment":[{"href":"https:\/\/coopagrobioquebec.com\/en\/wp-json\/wp\/v2\/media?parent=3400"}],"curies":[{"name":"wp","href":"https:\/\/api.w.org\/{rel}","templated":true}]}}